{"id":1213,"date":"2021-07-13T13:13:16","date_gmt":"2021-07-13T17:13:16","guid":{"rendered":"https:\/\/vysgestioninmobiliaria.cl\/?page_id=1213"},"modified":"2021-07-14T02:31:25","modified_gmt":"2021-07-14T06:31:25","slug":"casas","status":"publish","type":"page","link":"https:\/\/vysgestioninmobiliaria.cl\/index.php\/propiedades\/casas\/","title":{"rendered":"Casas"},"content":{"rendered":"\t\t<div data-elementor-type=\"wp-page\" data-elementor-id=\"1213\" class=\"elementor elementor-1213\">\n\t\t\t\t\t\t<section class=\"elementor-section elementor-top-section elementor-element elementor-element-28d79517 elementor-section-content-middle elementor-reverse-tablet elementor-reverse-mobile elementor-section-boxed elementor-section-height-default elementor-section-height-default\" data-id=\"28d79517\" data-element_type=\"section\" data-e-type=\"section\" data-settings=\"{&quot;background_background&quot;:&quot;classic&quot;}\">\n\t\t\t\t\t\t\t<div class=\"elementor-background-overlay\"><\/div>\n\t\t\t\t\t\t\t<div class=\"elementor-container elementor-column-gap-no\">\n\t\t\t\t\t<div class=\"elementor-column elementor-col-50 elementor-top-column elementor-element elementor-element-36dd255c\" data-id=\"36dd255c\" data-element_type=\"column\" data-e-type=\"column\">\n\t\t\t<div class=\"elementor-widget-wrap elementor-element-populated\">\n\t\t\t\t\t\t<div class=\"elementor-element elementor-element-51a7c24 elementor-widget elementor-widget-heading\" data-id=\"51a7c24\" data-element_type=\"widget\" data-e-type=\"widget\" data-widget_type=\"heading.default\">\n\t\t\t\t<div class=\"elementor-widget-container\">\n\t\t\t\t\t<h2 class=\"elementor-heading-title elementor-size-default\">Casas<\/h2>\t\t\t\t<\/div>\n\t\t\t\t<\/div>\n\t\t\t\t<div class=\"elementor-element elementor-element-106cf15 elementor-widget elementor-widget-heading\" data-id=\"106cf15\" data-element_type=\"widget\" data-e-type=\"widget\" data-widget_type=\"heading.default\">\n\t\t\t\t<div class=\"elementor-widget-container\">\n\t\t\t\t\t<h3 class=\"elementor-heading-title elementor-size-default\"><a href=\"https:\/\/vysgestioninmobiliaria.cl\/index.php\/propiedades\/\">Propiedades<\/a><\/h3>\t\t\t\t<\/div>\n\t\t\t\t<\/div>\n\t\t\t\t\t<\/div>\n\t\t<\/div>\n\t\t\t\t<div class=\"elementor-column elementor-col-50 elementor-top-column elementor-element elementor-element-678d42e3\" data-id=\"678d42e3\" data-element_type=\"column\" data-e-type=\"column\" data-settings=\"{&quot;background_background&quot;:&quot;classic&quot;}\">\n\t\t\t<div class=\"elementor-widget-wrap\">\n\t\t\t\t\t\t\t<\/div>\n\t\t<\/div>\n\t\t\t\t\t<\/div>\n\t\t<\/section>\n\t\t\t\t<section class=\"elementor-section elementor-top-section elementor-element elementor-element-16d8be9a elementor-section-content-top elementor-section-boxed elementor-section-height-default elementor-section-height-default\" data-id=\"16d8be9a\" data-element_type=\"section\" data-e-type=\"section\">\n\t\t\t\t\t\t<div class=\"elementor-container elementor-column-gap-no\">\n\t\t\t\t\t<div class=\"elementor-column elementor-col-100 elementor-top-column elementor-element elementor-element-5324e9bb\" data-id=\"5324e9bb\" data-element_type=\"column\" data-e-type=\"column\">\n\t\t\t<div class=\"elementor-widget-wrap elementor-element-populated\">\n\t\t\t\t\t\t<div class=\"elementor-element elementor-element-61c4d2db elementor-widget elementor-widget-heading\" data-id=\"61c4d2db\" data-element_type=\"widget\" data-e-type=\"widget\" data-widget_type=\"heading.default\">\n\t\t\t\t<div class=\"elementor-widget-container\">\n\t\t\t\t\t<h6 class=\"elementor-heading-title elementor-size-default\">Encuentra el hogar de tus sue\u00f1os<\/h6>\t\t\t\t<\/div>\n\t\t\t\t<\/div>\n\t\t\t\t<div class=\"elementor-element elementor-element-63325234 elementor-widget-divider--view-line elementor-widget elementor-widget-divider\" data-id=\"63325234\" data-element_type=\"widget\" data-e-type=\"widget\" data-widget_type=\"divider.default\">\n\t\t\t\t<div class=\"elementor-widget-container\">\n\t\t\t\t\t\t\t<div class=\"elementor-divider\">\n\t\t\t<span class=\"elementor-divider-separator\">\n\t\t\t\t\t\t<\/span>\n\t\t<\/div>\n\t\t\t\t\t\t<\/div>\n\t\t\t\t<\/div>\n\t\t\t\t<section class=\"elementor-section elementor-inner-section elementor-element elementor-element-6f6e1a17 elementor-section-content-top elementor-section-boxed elementor-section-height-default elementor-section-height-default\" data-id=\"6f6e1a17\" data-element_type=\"section\" data-e-type=\"section\">\n\t\t\t\t\t\t<div class=\"elementor-container elementor-column-gap-no\">\n\t\t\t\t\t<div class=\"elementor-column elementor-col-33 elementor-inner-column elementor-element elementor-element-d0ef48a\" data-id=\"d0ef48a\" data-element_type=\"column\" data-e-type=\"column\">\n\t\t\t<div class=\"elementor-widget-wrap elementor-element-populated\">\n\t\t\t\t\t\t<div class=\"elementor-element elementor-element-5e7636bd elementor-widget elementor-widget-image\" data-id=\"5e7636bd\" data-element_type=\"widget\" data-e-type=\"widget\" data-widget_type=\"image.default\">\n\t\t\t\t<div class=\"elementor-widget-container\">\n\t\t\t\t\t\t\t\t\t\t\t\t\t\t\t\t<a href=\"#\">\n\t\t\t\t\t\t\t<img fetchpriority=\"high\" decoding=\"async\" width=\"512\" height=\"512\" src=\"https:\/\/vysgestioninmobiliaria.cl\/wp-content\/uploads\/2019\/04\/favicon-free-img.png\" class=\"attachment-full size-full wp-image-34\" alt=\"Favicon\" srcset=\"https:\/\/vysgestioninmobiliaria.cl\/wp-content\/uploads\/2019\/04\/favicon-free-img.png 512w, https:\/\/vysgestioninmobiliaria.cl\/wp-content\/uploads\/2019\/04\/favicon-free-img-300x300.png 300w, https:\/\/vysgestioninmobiliaria.cl\/wp-content\/uploads\/2019\/04\/favicon-free-img-150x150.png 150w\" sizes=\"(max-width: 512px) 100vw, 512px\" \/>\t\t\t\t\t\t\t\t<\/a>\n\t\t\t\t\t\t\t\t\t\t\t\t\t\t\t<\/div>\n\t\t\t\t<\/div>\n\t\t\t\t<div class=\"elementor-element elementor-element-41f9487 elementor-widget elementor-widget-heading\" data-id=\"41f9487\" data-element_type=\"widget\" data-e-type=\"widget\" data-widget_type=\"heading.default\">\n\t\t\t\t<div class=\"elementor-widget-container\">\n\t\t\t\t\t<h3 class=\"elementor-heading-title elementor-size-default\"><a href=\"#\">Aviso Disponible<\/a><\/h3>\t\t\t\t<\/div>\n\t\t\t\t<\/div>\n\t\t\t\t<div class=\"elementor-element elementor-element-64005095 elementor-widget elementor-widget-heading\" data-id=\"64005095\" data-element_type=\"widget\" data-e-type=\"widget\" data-widget_type=\"heading.default\">\n\t\t\t\t<div class=\"elementor-widget-container\">\n\t\t\t\t\t<h5 class=\"elementor-heading-title elementor-size-default\">$<\/h5>\t\t\t\t<\/div>\n\t\t\t\t<\/div>\n\t\t\t\t<div class=\"elementor-element elementor-element-45a077bb elementor-widget elementor-widget-heading\" data-id=\"45a077bb\" data-element_type=\"widget\" data-e-type=\"widget\" data-widget_type=\"heading.default\">\n\t\t\t\t<div class=\"elementor-widget-container\">\n\t\t\t\t\t<h6 class=\"elementor-heading-title elementor-size-default\">Ubicaci\u00f3n<\/h6>\t\t\t\t<\/div>\n\t\t\t\t<\/div>\n\t\t\t\t<div class=\"elementor-element elementor-element-415fa298 elementor-widget elementor-widget-text-editor\" data-id=\"415fa298\" data-element_type=\"widget\" data-e-type=\"widget\" data-widget_type=\"text-editor.default\">\n\t\t\t\t<div class=\"elementor-widget-container\">\n\t\t\t\t\t\t\t\t\t<p>Dormitorios 0 \/ Ba\u00f1os 0 \/ Superficie 0 M2<\/p>\t\t\t\t\t\t\t\t<\/div>\n\t\t\t\t<\/div>\n\t\t\t\t<div class=\"elementor-element elementor-element-45b52e87 elementor-widget elementor-widget-button\" data-id=\"45b52e87\" data-element_type=\"widget\" data-e-type=\"widget\" data-widget_type=\"button.default\">\n\t\t\t\t<div class=\"elementor-widget-container\">\n\t\t\t\t\t\t\t\t\t<div class=\"elementor-button-wrapper\">\n\t\t\t\t\t<a class=\"elementor-button elementor-size-sm\" role=\"button\">\n\t\t\t\t\t\t<span class=\"elementor-button-content-wrapper\">\n\t\t\t\t\t\t\t\t\t<span class=\"elementor-button-text\">Ver m\u00e1s<\/span>\n\t\t\t\t\t<\/span>\n\t\t\t\t\t<\/a>\n\t\t\t\t<\/div>\n\t\t\t\t\t\t\t\t<\/div>\n\t\t\t\t<\/div>\n\t\t\t\t\t<\/div>\n\t\t<\/div>\n\t\t\t\t<div class=\"elementor-column elementor-col-33 elementor-inner-column elementor-element elementor-element-63f844bb\" data-id=\"63f844bb\" data-element_type=\"column\" data-e-type=\"column\">\n\t\t\t<div class=\"elementor-widget-wrap elementor-element-populated\">\n\t\t\t\t\t\t<div class=\"elementor-element elementor-element-67c10872 elementor-widget elementor-widget-image\" data-id=\"67c10872\" data-element_type=\"widget\" data-e-type=\"widget\" data-widget_type=\"image.default\">\n\t\t\t\t<div class=\"elementor-widget-container\">\n\t\t\t\t\t\t\t\t\t\t\t\t\t\t\t\t<a href=\"#\">\n\t\t\t\t\t\t\t<img fetchpriority=\"high\" decoding=\"async\" width=\"512\" height=\"512\" src=\"https:\/\/vysgestioninmobiliaria.cl\/wp-content\/uploads\/2019\/04\/favicon-free-img.png\" class=\"attachment-full size-full wp-image-34\" alt=\"Favicon\" srcset=\"https:\/\/vysgestioninmobiliaria.cl\/wp-content\/uploads\/2019\/04\/favicon-free-img.png 512w, https:\/\/vysgestioninmobiliaria.cl\/wp-content\/uploads\/2019\/04\/favicon-free-img-300x300.png 300w, https:\/\/vysgestioninmobiliaria.cl\/wp-content\/uploads\/2019\/04\/favicon-free-img-150x150.png 150w\" sizes=\"(max-width: 512px) 100vw, 512px\" \/>\t\t\t\t\t\t\t\t<\/a>\n\t\t\t\t\t\t\t\t\t\t\t\t\t\t\t<\/div>\n\t\t\t\t<\/div>\n\t\t\t\t<div class=\"elementor-element elementor-element-5ec48b14 elementor-widget elementor-widget-heading\" data-id=\"5ec48b14\" data-element_type=\"widget\" data-e-type=\"widget\" data-widget_type=\"heading.default\">\n\t\t\t\t<div class=\"elementor-widget-container\">\n\t\t\t\t\t<h3 class=\"elementor-heading-title elementor-size-default\"><a href=\"#\"><span style=\"font-size: 2.05882rem\">AVISO DISPONIBLE<\/span><\/a><\/h3>\t\t\t\t<\/div>\n\t\t\t\t<\/div>\n\t\t\t\t<div class=\"elementor-element elementor-element-55b89451 elementor-widget elementor-widget-heading\" data-id=\"55b89451\" data-element_type=\"widget\" data-e-type=\"widget\" data-widget_type=\"heading.default\">\n\t\t\t\t<div class=\"elementor-widget-container\">\n\t\t\t\t\t<h5 class=\"elementor-heading-title elementor-size-default\">$<\/h5>\t\t\t\t<\/div>\n\t\t\t\t<\/div>\n\t\t\t\t<div class=\"elementor-element elementor-element-55c7bfda elementor-widget elementor-widget-heading\" data-id=\"55c7bfda\" data-element_type=\"widget\" data-e-type=\"widget\" data-widget_type=\"heading.default\">\n\t\t\t\t<div class=\"elementor-widget-container\">\n\t\t\t\t\t<h6 class=\"elementor-heading-title elementor-size-default\">UBICACI\u00d3N<\/h6>\t\t\t\t<\/div>\n\t\t\t\t<\/div>\n\t\t\t\t<div class=\"elementor-element elementor-element-5d2936e2 elementor-widget elementor-widget-text-editor\" data-id=\"5d2936e2\" data-element_type=\"widget\" data-e-type=\"widget\" data-widget_type=\"text-editor.default\">\n\t\t\t\t<div class=\"elementor-widget-container\">\n\t\t\t\t\t\t\t\t\t<p>Dormitorios 0 \/ Ba\u00f1os 0 \/ Superficie 0 M2<\/p>\t\t\t\t\t\t\t\t<\/div>\n\t\t\t\t<\/div>\n\t\t\t\t<div class=\"elementor-element elementor-element-5fd637b3 elementor-widget elementor-widget-button\" data-id=\"5fd637b3\" data-element_type=\"widget\" data-e-type=\"widget\" data-widget_type=\"button.default\">\n\t\t\t\t<div class=\"elementor-widget-container\">\n\t\t\t\t\t\t\t\t\t<div class=\"elementor-button-wrapper\">\n\t\t\t\t\t<a class=\"elementor-button elementor-size-sm\" role=\"button\">\n\t\t\t\t\t\t<span class=\"elementor-button-content-wrapper\">\n\t\t\t\t\t\t\t\t\t<span class=\"elementor-button-text\">Ver m\u00e1s<\/span>\n\t\t\t\t\t<\/span>\n\t\t\t\t\t<\/a>\n\t\t\t\t<\/div>\n\t\t\t\t\t\t\t\t<\/div>\n\t\t\t\t<\/div>\n\t\t\t\t\t<\/div>\n\t\t<\/div>\n\t\t\t\t<div class=\"elementor-column elementor-col-33 elementor-inner-column elementor-element elementor-element-1d9b6615\" data-id=\"1d9b6615\" data-element_type=\"column\" data-e-type=\"column\">\n\t\t\t<div class=\"elementor-widget-wrap elementor-element-populated\">\n\t\t\t\t\t\t<div class=\"elementor-element elementor-element-25ccecf1 elementor-widget elementor-widget-image\" data-id=\"25ccecf1\" data-element_type=\"widget\" data-e-type=\"widget\" data-widget_type=\"image.default\">\n\t\t\t\t<div class=\"elementor-widget-container\">\n\t\t\t\t\t\t\t\t\t\t\t\t\t\t\t\t<a href=\"#\">\n\t\t\t\t\t\t\t<img fetchpriority=\"high\" decoding=\"async\" width=\"512\" height=\"512\" src=\"https:\/\/vysgestioninmobiliaria.cl\/wp-content\/uploads\/2019\/04\/favicon-free-img.png\" class=\"attachment-full size-full wp-image-34\" alt=\"Favicon\" srcset=\"https:\/\/vysgestioninmobiliaria.cl\/wp-content\/uploads\/2019\/04\/favicon-free-img.png 512w, https:\/\/vysgestioninmobiliaria.cl\/wp-content\/uploads\/2019\/04\/favicon-free-img-300x300.png 300w, https:\/\/vysgestioninmobiliaria.cl\/wp-content\/uploads\/2019\/04\/favicon-free-img-150x150.png 150w\" sizes=\"(max-width: 512px) 100vw, 512px\" \/>\t\t\t\t\t\t\t\t<\/a>\n\t\t\t\t\t\t\t\t\t\t\t\t\t\t\t<\/div>\n\t\t\t\t<\/div>\n\t\t\t\t<div class=\"elementor-element elementor-element-6e151ac1 elementor-widget elementor-widget-heading\" data-id=\"6e151ac1\" data-element_type=\"widget\" data-e-type=\"widget\" data-widget_type=\"heading.default\">\n\t\t\t\t<div class=\"elementor-widget-container\">\n\t\t\t\t\t<h3 class=\"elementor-heading-title elementor-size-default\"><a href=\"#\"><span style=\"font-size: 2.05882rem\">AVISO DISPONIBLE<\/span><\/a><\/h3>\t\t\t\t<\/div>\n\t\t\t\t<\/div>\n\t\t\t\t<div class=\"elementor-element elementor-element-e53aa7c elementor-widget elementor-widget-heading\" data-id=\"e53aa7c\" data-element_type=\"widget\" data-e-type=\"widget\" data-widget_type=\"heading.default\">\n\t\t\t\t<div class=\"elementor-widget-container\">\n\t\t\t\t\t<h5 class=\"elementor-heading-title elementor-size-default\">$<\/h5>\t\t\t\t<\/div>\n\t\t\t\t<\/div>\n\t\t\t\t<div class=\"elementor-element elementor-element-7811fd6 elementor-widget elementor-widget-heading\" data-id=\"7811fd6\" data-element_type=\"widget\" data-e-type=\"widget\" data-widget_type=\"heading.default\">\n\t\t\t\t<div class=\"elementor-widget-container\">\n\t\t\t\t\t<h6 class=\"elementor-heading-title elementor-size-default\">UBICACI\u00d3N<\/h6>\t\t\t\t<\/div>\n\t\t\t\t<\/div>\n\t\t\t\t<div class=\"elementor-element elementor-element-6a243da4 elementor-widget elementor-widget-text-editor\" data-id=\"6a243da4\" data-element_type=\"widget\" data-e-type=\"widget\" data-widget_type=\"text-editor.default\">\n\t\t\t\t<div class=\"elementor-widget-container\">\n\t\t\t\t\t\t\t\t\t<p>Dormitorios 0 \/ Ba\u00f1os 0 \/ Superficie 0 M2<\/p>\t\t\t\t\t\t\t\t<\/div>\n\t\t\t\t<\/div>\n\t\t\t\t<div class=\"elementor-element elementor-element-2296bfba elementor-widget elementor-widget-button\" data-id=\"2296bfba\" data-element_type=\"widget\" data-e-type=\"widget\" data-widget_type=\"button.default\">\n\t\t\t\t<div class=\"elementor-widget-container\">\n\t\t\t\t\t\t\t\t\t<div class=\"elementor-button-wrapper\">\n\t\t\t\t\t<a class=\"elementor-button elementor-size-sm\" role=\"button\">\n\t\t\t\t\t\t<span class=\"elementor-button-content-wrapper\">\n\t\t\t\t\t\t\t\t\t<span class=\"elementor-button-text\">Ver m\u00e1s<\/span>\n\t\t\t\t\t<\/span>\n\t\t\t\t\t<\/a>\n\t\t\t\t<\/div>\n\t\t\t\t\t\t\t\t<\/div>\n\t\t\t\t<\/div>\n\t\t\t\t\t<\/div>\n\t\t<\/div>\n\t\t\t\t\t<\/div>\n\t\t<\/section>\n\t\t\t\t\t<\/div>\n\t\t<\/div>\n\t\t\t\t\t<\/div>\n\t\t<\/section>\n\t\t\t\t<\/div>\n\t\t","protected":false},"excerpt":{"rendered":"<p>Casas Propiedades Encuentra el hogar de tus sue\u00f1os Aviso Disponible $ Ubicaci\u00f3n Dormitorios 0 \/ Ba\u00f1os 0 \/ Superficie 0 M2 Ver m\u00e1s AVISO DISPONIBLE $ UBICACI\u00d3N Dormitorios 0 \/ Ba\u00f1os 0 \/ Superficie 0 M2 Ver m\u00e1s AVISO DISPONIBLE $ UBICACI\u00d3N Dormitorios 0 \/ Ba\u00f1os 0 \/ Superficie 0 M2 Ver m\u00e1s<\/p>\n","protected":false},"author":1,"featured_media":0,"parent":433,"menu_order":0,"comment_status":"closed","ping_status":"closed","template":"","meta":{"footnotes":""},"class_list":["post-1213","page","type-page","status-publish","hentry"],"yoast_head":"<!-- This site is optimized with the Yoast SEO plugin v27.4 - https:\/\/yoast.com\/product\/yoast-seo-wordpress\/ -->\n<title>Casas - V&amp;S Asesor\u00edas Y Gesti\u00f3n Inmobiliaria<\/title>\n<meta name=\"robots\" content=\"index, follow, max-snippet:-1, max-image-preview:large, max-video-preview:-1\" \/>\n<link rel=\"canonical\" href=\"https:\/\/vysgestioninmobiliaria.cl\/index.php\/propiedades\/casas\/\" \/>\n<meta property=\"og:locale\" content=\"es_ES\" \/>\n<meta property=\"og:type\" content=\"article\" \/>\n<meta property=\"og:title\" content=\"Casas - V&amp;S Asesor\u00edas Y Gesti\u00f3n Inmobiliaria\" \/>\n<meta property=\"og:description\" content=\"Casas Propiedades Encuentra el hogar de tus sue\u00f1os Aviso Disponible $ Ubicaci\u00f3n Dormitorios 0 \/ Ba\u00f1os 0 \/ Superficie 0 M2 Ver m\u00e1s AVISO DISPONIBLE $ UBICACI\u00d3N Dormitorios 0 \/ Ba\u00f1os 0 \/ Superficie 0 M2 Ver m\u00e1s AVISO DISPONIBLE $ UBICACI\u00d3N Dormitorios 0 \/ Ba\u00f1os 0 \/ Superficie 0 M2 Ver m\u00e1s\" \/>\n<meta property=\"og:url\" content=\"https:\/\/vysgestioninmobiliaria.cl\/index.php\/propiedades\/casas\/\" \/>\n<meta property=\"og:site_name\" content=\"V&amp;S Asesor\u00edas Y Gesti\u00f3n Inmobiliaria\" \/>\n<meta property=\"article:modified_time\" content=\"2021-07-14T06:31:25+00:00\" \/>\n<meta property=\"og:image\" content=\"https:\/\/vysgestioninmobiliaria.cl\/wp-content\/uploads\/2019\/04\/favicon-free-img.png\" \/>\n<meta name=\"twitter:card\" content=\"summary_large_image\" \/>\n<meta name=\"twitter:label1\" content=\"Tiempo estimado de lectura\" \/>\n\t<meta name=\"twitter:data1\" content=\"1 minuto\" \/>\n<script type=\"application\/ld+json\" class=\"yoast-schema-graph\">{\"@context\":\"https:\\\/\\\/schema.org\",\"@graph\":[{\"@type\":\"WebPage\",\"@id\":\"https:\\\/\\\/vysgestioninmobiliaria.cl\\\/index.php\\\/propiedades\\\/casas\\\/\",\"url\":\"https:\\\/\\\/vysgestioninmobiliaria.cl\\\/index.php\\\/propiedades\\\/casas\\\/\",\"name\":\"Casas - V&amp;S Asesor\u00edas Y Gesti\u00f3n Inmobiliaria\",\"isPartOf\":{\"@id\":\"https:\\\/\\\/vysgestioninmobiliaria.cl\\\/#website\"},\"primaryImageOfPage\":{\"@id\":\"https:\\\/\\\/vysgestioninmobiliaria.cl\\\/index.php\\\/propiedades\\\/casas\\\/#primaryimage\"},\"image\":{\"@id\":\"https:\\\/\\\/vysgestioninmobiliaria.cl\\\/index.php\\\/propiedades\\\/casas\\\/#primaryimage\"},\"thumbnailUrl\":\"https:\\\/\\\/vysgestioninmobiliaria.cl\\\/wp-content\\\/uploads\\\/2019\\\/04\\\/favicon-free-img.png\",\"datePublished\":\"2021-07-13T17:13:16+00:00\",\"dateModified\":\"2021-07-14T06:31:25+00:00\",\"breadcrumb\":{\"@id\":\"https:\\\/\\\/vysgestioninmobiliaria.cl\\\/index.php\\\/propiedades\\\/casas\\\/#breadcrumb\"},\"inLanguage\":\"es-CL\",\"potentialAction\":[{\"@type\":\"ReadAction\",\"target\":[\"https:\\\/\\\/vysgestioninmobiliaria.cl\\\/index.php\\\/propiedades\\\/casas\\\/\"]}]},{\"@type\":\"ImageObject\",\"inLanguage\":\"es-CL\",\"@id\":\"https:\\\/\\\/vysgestioninmobiliaria.cl\\\/index.php\\\/propiedades\\\/casas\\\/#primaryimage\",\"url\":\"https:\\\/\\\/vysgestioninmobiliaria.cl\\\/wp-content\\\/uploads\\\/2019\\\/04\\\/favicon-free-img.png\",\"contentUrl\":\"https:\\\/\\\/vysgestioninmobiliaria.cl\\\/wp-content\\\/uploads\\\/2019\\\/04\\\/favicon-free-img.png\",\"width\":512,\"height\":512,\"caption\":\"Favicon\"},{\"@type\":\"BreadcrumbList\",\"@id\":\"https:\\\/\\\/vysgestioninmobiliaria.cl\\\/index.php\\\/propiedades\\\/casas\\\/#breadcrumb\",\"itemListElement\":[{\"@type\":\"ListItem\",\"position\":1,\"name\":\"Portada\",\"item\":\"https:\\\/\\\/vysgestioninmobiliaria.cl\\\/\"},{\"@type\":\"ListItem\",\"position\":2,\"name\":\"Propiedades\",\"item\":\"https:\\\/\\\/vysgestioninmobiliaria.cl\\\/index.php\\\/propiedades\\\/\"},{\"@type\":\"ListItem\",\"position\":3,\"name\":\"Casas\"}]},{\"@type\":\"WebSite\",\"@id\":\"https:\\\/\\\/vysgestioninmobiliaria.cl\\\/#website\",\"url\":\"https:\\\/\\\/vysgestioninmobiliaria.cl\\\/\",\"name\":\"V&amp;S Asesor\u00edas Y Gesti\u00f3n Inmobiliaria\",\"description\":\"Somos parte del desarrollo inmobiliario\",\"publisher\":{\"@id\":\"https:\\\/\\\/vysgestioninmobiliaria.cl\\\/#organization\"},\"potentialAction\":[{\"@type\":\"SearchAction\",\"target\":{\"@type\":\"EntryPoint\",\"urlTemplate\":\"https:\\\/\\\/vysgestioninmobiliaria.cl\\\/?s={search_term_string}\"},\"query-input\":{\"@type\":\"PropertyValueSpecification\",\"valueRequired\":true,\"valueName\":\"search_term_string\"}}],\"inLanguage\":\"es-CL\"},{\"@type\":\"Organization\",\"@id\":\"https:\\\/\\\/vysgestioninmobiliaria.cl\\\/#organization\",\"name\":\"V&amp;S Asesor\u00edas Y Gesti\u00f3n Inmobiliaria\",\"url\":\"https:\\\/\\\/vysgestioninmobiliaria.cl\\\/\",\"logo\":{\"@type\":\"ImageObject\",\"inLanguage\":\"es-CL\",\"@id\":\"https:\\\/\\\/vysgestioninmobiliaria.cl\\\/#\\\/schema\\\/logo\\\/image\\\/\",\"url\":\"https:\\\/\\\/vysgestioninmobiliaria.cl\\\/wp-content\\\/uploads\\\/2021\\\/07\\\/VYS-VECTOR.png\",\"contentUrl\":\"https:\\\/\\\/vysgestioninmobiliaria.cl\\\/wp-content\\\/uploads\\\/2021\\\/07\\\/VYS-VECTOR.png\",\"width\":2404,\"height\":1047,\"caption\":\"V&amp;S Asesor\u00edas Y Gesti\u00f3n Inmobiliaria\"},\"image\":{\"@id\":\"https:\\\/\\\/vysgestioninmobiliaria.cl\\\/#\\\/schema\\\/logo\\\/image\\\/\"}}]}<\/script>\n<!-- \/ Yoast SEO plugin. -->","yoast_head_json":{"title":"Casas - V&amp;S Asesor\u00edas Y Gesti\u00f3n Inmobiliaria","robots":{"index":"index","follow":"follow","max-snippet":"max-snippet:-1","max-image-preview":"max-image-preview:large","max-video-preview":"max-video-preview:-1"},"canonical":"https:\/\/vysgestioninmobiliaria.cl\/index.php\/propiedades\/casas\/","og_locale":"es_ES","og_type":"article","og_title":"Casas - V&amp;S Asesor\u00edas Y Gesti\u00f3n Inmobiliaria","og_description":"Casas Propiedades Encuentra el hogar de tus sue\u00f1os Aviso Disponible $ Ubicaci\u00f3n Dormitorios 0 \/ Ba\u00f1os 0 \/ Superficie 0 M2 Ver m\u00e1s AVISO DISPONIBLE $ UBICACI\u00d3N Dormitorios 0 \/ Ba\u00f1os 0 \/ Superficie 0 M2 Ver m\u00e1s AVISO DISPONIBLE $ UBICACI\u00d3N Dormitorios 0 \/ Ba\u00f1os 0 \/ Superficie 0 M2 Ver m\u00e1s","og_url":"https:\/\/vysgestioninmobiliaria.cl\/index.php\/propiedades\/casas\/","og_site_name":"V&amp;S Asesor\u00edas Y Gesti\u00f3n Inmobiliaria","article_modified_time":"2021-07-14T06:31:25+00:00","og_image":[{"url":"https:\/\/vysgestioninmobiliaria.cl\/wp-content\/uploads\/2019\/04\/favicon-free-img.png","type":"","width":"","height":""}],"twitter_card":"summary_large_image","twitter_misc":{"Tiempo estimado de lectura":"1 minuto"},"schema":{"@context":"https:\/\/schema.org","@graph":[{"@type":"WebPage","@id":"https:\/\/vysgestioninmobiliaria.cl\/index.php\/propiedades\/casas\/","url":"https:\/\/vysgestioninmobiliaria.cl\/index.php\/propiedades\/casas\/","name":"Casas - V&amp;S Asesor\u00edas Y Gesti\u00f3n Inmobiliaria","isPartOf":{"@id":"https:\/\/vysgestioninmobiliaria.cl\/#website"},"primaryImageOfPage":{"@id":"https:\/\/vysgestioninmobiliaria.cl\/index.php\/propiedades\/casas\/#primaryimage"},"image":{"@id":"https:\/\/vysgestioninmobiliaria.cl\/index.php\/propiedades\/casas\/#primaryimage"},"thumbnailUrl":"https:\/\/vysgestioninmobiliaria.cl\/wp-content\/uploads\/2019\/04\/favicon-free-img.png","datePublished":"2021-07-13T17:13:16+00:00","dateModified":"2021-07-14T06:31:25+00:00","breadcrumb":{"@id":"https:\/\/vysgestioninmobiliaria.cl\/index.php\/propiedades\/casas\/#breadcrumb"},"inLanguage":"es-CL","potentialAction":[{"@type":"ReadAction","target":["https:\/\/vysgestioninmobiliaria.cl\/index.php\/propiedades\/casas\/"]}]},{"@type":"ImageObject","inLanguage":"es-CL","@id":"https:\/\/vysgestioninmobiliaria.cl\/index.php\/propiedades\/casas\/#primaryimage","url":"https:\/\/vysgestioninmobiliaria.cl\/wp-content\/uploads\/2019\/04\/favicon-free-img.png","contentUrl":"https:\/\/vysgestioninmobiliaria.cl\/wp-content\/uploads\/2019\/04\/favicon-free-img.png","width":512,"height":512,"caption":"Favicon"},{"@type":"BreadcrumbList","@id":"https:\/\/vysgestioninmobiliaria.cl\/index.php\/propiedades\/casas\/#breadcrumb","itemListElement":[{"@type":"ListItem","position":1,"name":"Portada","item":"https:\/\/vysgestioninmobiliaria.cl\/"},{"@type":"ListItem","position":2,"name":"Propiedades","item":"https:\/\/vysgestioninmobiliaria.cl\/index.php\/propiedades\/"},{"@type":"ListItem","position":3,"name":"Casas"}]},{"@type":"WebSite","@id":"https:\/\/vysgestioninmobiliaria.cl\/#website","url":"https:\/\/vysgestioninmobiliaria.cl\/","name":"V&amp;S Asesor\u00edas Y Gesti\u00f3n Inmobiliaria","description":"Somos parte del desarrollo inmobiliario","publisher":{"@id":"https:\/\/vysgestioninmobiliaria.cl\/#organization"},"potentialAction":[{"@type":"SearchAction","target":{"@type":"EntryPoint","urlTemplate":"https:\/\/vysgestioninmobiliaria.cl\/?s={search_term_string}"},"query-input":{"@type":"PropertyValueSpecification","valueRequired":true,"valueName":"search_term_string"}}],"inLanguage":"es-CL"},{"@type":"Organization","@id":"https:\/\/vysgestioninmobiliaria.cl\/#organization","name":"V&amp;S Asesor\u00edas Y Gesti\u00f3n Inmobiliaria","url":"https:\/\/vysgestioninmobiliaria.cl\/","logo":{"@type":"ImageObject","inLanguage":"es-CL","@id":"https:\/\/vysgestioninmobiliaria.cl\/#\/schema\/logo\/image\/","url":"https:\/\/vysgestioninmobiliaria.cl\/wp-content\/uploads\/2021\/07\/VYS-VECTOR.png","contentUrl":"https:\/\/vysgestioninmobiliaria.cl\/wp-content\/uploads\/2021\/07\/VYS-VECTOR.png","width":2404,"height":1047,"caption":"V&amp;S Asesor\u00edas Y Gesti\u00f3n Inmobiliaria"},"image":{"@id":"https:\/\/vysgestioninmobiliaria.cl\/#\/schema\/logo\/image\/"}}]}},"jetpack_sharing_enabled":true,"_links":{"self":[{"href":"https:\/\/vysgestioninmobiliaria.cl\/index.php\/wp-json\/wp\/v2\/pages\/1213","targetHints":{"allow":["GET"]}}],"collection":[{"href":"https:\/\/vysgestioninmobiliaria.cl\/index.php\/wp-json\/wp\/v2\/pages"}],"about":[{"href":"https:\/\/vysgestioninmobiliaria.cl\/index.php\/wp-json\/wp\/v2\/types\/page"}],"author":[{"embeddable":true,"href":"https:\/\/vysgestioninmobiliaria.cl\/index.php\/wp-json\/wp\/v2\/users\/1"}],"replies":[{"embeddable":true,"href":"https:\/\/vysgestioninmobiliaria.cl\/index.php\/wp-json\/wp\/v2\/comments?post=1213"}],"version-history":[{"count":19,"href":"https:\/\/vysgestioninmobiliaria.cl\/index.php\/wp-json\/wp\/v2\/pages\/1213\/revisions"}],"predecessor-version":[{"id":1396,"href":"https:\/\/vysgestioninmobiliaria.cl\/index.php\/wp-json\/wp\/v2\/pages\/1213\/revisions\/1396"}],"up":[{"embeddable":true,"href":"https:\/\/vysgestioninmobiliaria.cl\/index.php\/wp-json\/wp\/v2\/pages\/433"}],"wp:attachment":[{"href":"https:\/\/vysgestioninmobiliaria.cl\/index.php\/wp-json\/wp\/v2\/media?parent=1213"}],"curies":[{"name":"wp","href":"https:\/\/api.w.org\/{rel}","templated":true}]}}